{"id":131,"date":"2025-10-08T15:26:28","date_gmt":"2025-10-08T13:26:28","guid":{"rendered":"https:\/\/odzyskiwaniedanychwarszawa.pl\/?page_id=131"},"modified":"2025-10-24T04:41:51","modified_gmt":"2025-10-24T02:41:51","slug":"odzyskiwanie-danych-z-dyskow-hdd","status":"publish","type":"page","link":"http:\/\/odzyskiwaniedanychwarszawa.pl\/index.php\/odzyskiwanie-danych-z-dyskow-hdd\/","title":{"rendered":"Odzyskiwanie danych HDD"},"content":{"rendered":"\n<div class=\"wp-block-group alignfull has-background-background-color has-background is-layout-constrained wp-container-core-group-is-layout-7276a2bb wp-block-group-is-layout-constrained\" style=\"margin-top:0;margin-bottom:0;padding-top:var(--wp--preset--spacing--60);padding-right:var(--wp--preset--spacing--30);padding-bottom:var(--wp--preset--spacing--60);padding-left:var(--wp--preset--spacing--30)\">\n<div class=\"wp-block-group alignwide is-vertical is-layout-flex wp-container-core-group-is-layout-fe9cc265 wp-block-group-is-layout-flex\">\n<div class=\"wp-block-group alignwide is-content-justification-center is-layout-constrained wp-block-group-is-layout-constrained\">\n<h2 class=\"wp-block-heading has-large-font-size\">Nasza oferta profesjonalnego odzyskiwania danych<\/h2>\n\n\n\n<p style=\"margin-top:16px\">Przedstawiamy kompleksowe us\u0142ugi odzyskiwania danych, kt\u00f3re \u0142\u0105cz\u0105 do\u015bwiadczenie i nowoczesne technologie dla Twojej pe\u0142nej satysfakcji.<\/p>\n<\/div>\n<\/div>\n\n\n\n<div class=\"wp-block-columns alignwide is-layout-flex wp-container-core-columns-is-layout-5b525043 wp-block-columns-is-layout-flex\">\n<div class=\"wp-block-column is-layout-flow wp-block-column-is-layout-flow\">\n<figure class=\"wp-block-image size-large is-resized ext-aspect-landscape wp-duotone-varpresetduotoneprimary-foreground-1\"><img decoding=\"async\" src=\"data:image\/svg+xml;base64,PHN2ZyB4bWxucz0iaHR0cDovL3d3dy53My5vcmcvMjAwMC9zdmciIHdpZHRoPSI0OCIgaGVpZ2h0PSI0OCIgZmlsbD0ibm9uZSIgdmlld0JveD0iMCAwIDQ4IDQ4Ij48bWFzayBpZD0iYSIgd2lkdGg9IjQ4IiBoZWlnaHQ9IjQ4IiB4PSIwIiB5PSIwIiBtYXNrVW5pdHM9InVzZXJTcGFjZU9uVXNlIiBzdHlsZT0ibWFzay10eXBlOmFscGhhIj48cGF0aCBmaWxsPSIjRDlEOUQ5IiBkPSJNMCAwaDQ4djQ4SDB6Ii8+PC9tYXNrPjxnIG1hc2s9InVybCgjYSkiPjxwYXRoIGZpbGw9IiM1RjYzNjgiIGQ9Ik0zMiAzOGMtMS4yIDAtMi4zNTgtLjE0Mi0zLjQ3NS0uNDI1QTEzLjExNSAxMy4xMTUgMCAwIDEgMjUuNCAzNi4zNWMxLjkzMy0xLjUgMy40MzMtMy4zMjUgNC41LTUuNDc1QTE1LjI2MiAxNS4yNjIgMCAwIDAgMzEuNSAyNGExNS4yNiAxNS4yNiAwIDAgMC0xLjYtNi44NzVjLTEuMDY3LTIuMTUtMi41NjctMy45NzUtNC41LTUuNDc1YTEzLjExNSAxMy4xMTUgMCAwIDEgMy4xMjUtMS4yMjVBMTQuMDc3IDE0LjA3NyAwIDAgMSAzMiAxMGMzLjkgMCA3LjIwOCAxLjM1OCA5LjkyNSA0LjA3NUM0NC42NDIgMTYuNzkyIDQ2IDIwLjEgNDYgMjRjMCAzLjktMS4zNTggNy4yMDgtNC4wNzUgOS45MjVDMzkuMjA4IDM2LjY0MiAzNS45IDM4IDMyIDM4Wm0tMTYgMGMtMy45IDAtNy4yMDgtMS4zNTgtOS45MjUtNC4wNzVDMy4zNTggMzEuMjA4IDIgMjcuOSAyIDI0YzAtMy45IDEuMzU4LTcuMjA4IDQuMDc1LTkuOTI1QzguNzkyIDExLjM1OCAxMi4xIDEwIDE2IDEwYzEuMiAwIDIuMzU4LjE0MiAzLjQ3NS40MjUgMS4xMTcuMjgzIDIuMTU4LjY5MiAzLjEyNSAxLjIyNS0uNDMzLjMzMy0uODMzLjY4My0xLjIgMS4wNXMtLjczMy43NS0xLjEgMS4xNWExMi40MzEgMTIuNDMxIDAgMCAwLTIuMDc1LS42MjVBMTAuODM0IDEwLjgzNCAwIDAgMCAxNiAxM2MtMy4wMzMgMC01LjYyNSAxLjA2Ny03Ljc3NSAzLjJDNi4wNzUgMTguMzMzIDUgMjAuOTMzIDUgMjRjMCAzLjAzMyAxLjA3NSA1LjYyNSAzLjIyNSA3Ljc3NUMxMC4zNzUgMzMuOTI1IDEyLjk2NyAzNSAxNiAzNWMuNzY3IDAgMS41MDgtLjA3NSAyLjIyNS0uMjI1LjcxNy0uMTUgMS40MDgtLjM1OCAyLjA3NS0uNjI1LjM2Ny40LjczMy43ODMgMS4xIDEuMTUuMzY3LjM2Ny43NjcuNzE3IDEuMiAxLjA1LS45NjcuNTMzLTIuMDA4Ljk0Mi0zLjEyNSAxLjIyNUExNC4wNzcgMTQuMDc3IDAgMCAxIDE2IDM4Wm04LTIuNWExMy40NDkgMTMuNDQ5IDAgMCAxLTQuNDI1LTVBMTMuOTY3IDEzLjk2NyAwIDAgMSAxOCAyNGMwLTIuMy41MjUtNC40NjcgMS41NzUtNi41YTEzLjQ0OSAxMy40NDkgMCAwIDEgNC40MjUtNWMxLjkgMS4zIDMuMzc1IDIuOTY3IDQuNDI1IDVBMTMuOTY3IDEzLjk2NyAwIDAgMSAzMCAyNGMwIDIuMy0uNTI1IDQuNDY3LTEuNTc1IDYuNWExMy40NDkgMTMuNDQ5IDAgMCAxLTQuNDI1IDVaIi8+PC9nPjwvc3ZnPg==\" alt=\"\" style=\"object-fit:cover;width:48px;height:48px\"\/><\/figure>\n\n\n\n<h3 class=\"wp-block-heading\" style=\"margin-top:24px;font-size:20px;line-height:1.5\">Odzyskiwanie danych z uszkodzonych dysk\u00f3w<\/h3>\n\n\n\n<p class=\"has-small-font-size\" style=\"margin-top:8px\">Specjalizujemy si\u0119 w naprawie uszkodzonych element\u00f3w dysk\u00f3w, by przywr\u00f3ci\u0107 dost\u0119p do cennych plik\u00f3w.<\/p>\n<\/div>\n\n\n\n<div class=\"wp-block-column is-layout-flow wp-block-column-is-layout-flow\">\n<figure class=\"wp-block-image size-large is-resized ext-aspect-landscape wp-duotone-varpresetduotoneprimary-foreground-2\"><img decoding=\"async\" src=\"data:image\/svg+xml;base64,PHN2ZyB4bWxucz0iaHR0cDovL3d3dy53My5vcmcvMjAwMC9zdmciIHdpZHRoPSI0OCIgaGVpZ2h0PSI0OCIgZmlsbD0ibm9uZSIgdmlld0JveD0iMCAwIDQ4IDQ4Ij48bWFzayBpZD0iYSIgd2lkdGg9IjQ4IiBoZWlnaHQ9IjQ4IiB4PSIwIiB5PSIwIiBtYXNrVW5pdHM9InVzZXJTcGFjZU9uVXNlIiBzdHlsZT0ibWFzay10eXBlOmFscGhhIj48cGF0aCBmaWxsPSIjRDlEOUQ5IiBkPSJNMCAwaDQ4djQ4SDB6Ii8+PC9tYXNrPjxnIG1hc2s9InVybCgjYSkiPjxwYXRoIGZpbGw9IiM1RjYzNjgiIGQ9Ik0xOS44NSAyMS44Yy41NTMgMCAxLjAxNi0uMTg3IDEuMzktLjU2LjM3My0uMzc0LjU2LS44MzcuNTYtMS4zOSAwLS41NTMtLjE4Ny0xLjAxNi0uNTYtMS4zOS0uMzc0LS4zNzMtLjgzNy0uNTYtMS4zOS0uNTYtLjU1MyAwLTEuMDE2LjE4Ny0xLjM5LjU2LS4zNzMuMzc0LS41Ni44MzctLjU2IDEuMzkgMCAuNTUzLjE4NyAxLjAxNi41NiAxLjM5LjM3NC4zNzMuODM3LjU2IDEuMzkuNTZabTAgOC4zNWMuNTUzIDAgMS4wMTYtLjE4NyAxLjM5LS41Ni4zNzMtLjM3NC41Ni0uODM3LjU2LTEuMzkgMC0uNTUzLS4xODctMS4wMTYtLjU2LTEuMzktLjM3NC0uMzczLS44MzctLjU2LTEuMzktLjU2LS41NTMgMC0xLjAxNi4xODctMS4zOS41Ni0uMzczLjM3NC0uNTYuODM3LS41NiAxLjM5IDAgLjU1My4xODcgMS4wMTYuNTYgMS4zOS4zNzQuMzczLjgzNy41NiAxLjM5LjU2Wm0tNi40NS05LjFjLjMyIDAgLjYtLjEyLjg0LS4zNnMuMzYtLjUyLjM2LS44NGMwLS4zMi0uMTItLjYtLjM2LS44NHMtLjUyLS4zNi0uODQtLjM2Yy0uMzIgMC0uNi4xMi0uODQuMzZzLS4zNi41Mi0uMzYuODRjMCAuMzIuMTIuNi4zNi44NHMuNTIuMzYuODQuMzZabTYuNDI4IDE0LjhjLjMxNSAwIC41OTctLjEyLjg0Ny0uMzZzLjM3NS0uNTIuMzc1LS44NGMwLS4zMi0uMTIyLS42LS4zNjQtLjg0YTEuMTcxIDEuMTcxIDAgMCAwLS44NS0uMzZjLS4zMjQgMC0uNjAzLjEyLS44MzYuMzYtLjIzMy4yNC0uMzUuNTItLjM1Ljg0IDAgLjMyLjExOC42LjM1NC44NC4yMzUuMjQuNTEuMzYuODI0LjM2Wk0xMy40IDI5LjRjLjMyIDAgLjYtLjEyLjg0LS4zNnMuMzYtLjUyLjM2LS44NGMwLS4zMi0uMTItLjYtLjM2LS44NHMtLjUyLS4zNi0uODQtLjM2Yy0uMzIgMC0uNi4xMi0uODQuMzZzLS4zNi41Mi0uMzYuODRjMCAuMzIuMTIuNi4zNi44NHMuNTIuMzYuODQuMzZabTYuNDUtMTQuOGMuMzIgMCAuNi0uMTIuODQtLjM2cy4zNi0uNTIuMzYtLjg0YzAtLjMyLS4xMi0uNi0uMzYtLjg0cy0uNTItLjM2LS44NC0uMzZjLS4zMiAwLS42LjEyLS44NC4zNnMtLjM2LjUyLS4zNi44NGMwIC4zMi4xMi42LjM2Ljg0cy41Mi4zNi44NC4zNlptOC4zNSA3LjJjLjU1MyAwIDEuMDE2LS4xODcgMS4zOS0uNTYuMzczLS4zNzQuNTYtLjgzNy41Ni0xLjM5IDAtLjU1My0uMTg3LTEuMDE2LS41Ni0xLjM5LS4zNzQtLjM3My0uODM3LS41Ni0xLjM5LS41Ni0uNTUzIDAtMS4wMTYuMTg3LTEuMzkuNTYtLjM3My4zNzQtLjU2LjgzNy0uNTYgMS4zOSAwIC41NTMuMTg3IDEuMDE2LjU2IDEuMzkuMzc0LjM3My44MzcuNTYgMS4zOS41NlptMC03LjJjLjMyIDAgLjYtLjEyLjg0LS4zNnMuMzYtLjUyLjM2LS44NGMwLS4zMi0uMTItLjYtLjM2LS44NHMtLjUyLS4zNi0uODQtLjM2Yy0uMzIgMC0uNi4xMi0uODQuMzZzLS4zNi41Mi0uMzYuODRjMCAuMzIuMTIuNi4zNi44NHMuNTIuMzYuODQuMzZabTYuNDUgMTQuOGMuMzIgMCAuNi0uMTIuODQtLjM2cy4zNi0uNTIuMzYtLjg0YzAtLjMyLS4xMi0uNi0uMzYtLjg0cy0uNTItLjM2LS44NC0uMzZjLS4zMiAwLS42LjEyLS44NC4zNnMtLjM2LjUyLS4zNi44NGMwIC4zMi4xMi42LjM2Ljg0cy41Mi4zNi44NC4zNlptMC04LjM1Yy4zMiAwIC42LS4xMi44NC0uMzZzLjM2LS41Mi4zNi0uODRjMC0uMzItLjEyLS42LS4zNi0uODRzLS41Mi0uMzYtLjg0LS4zNmMtLjMyIDAtLjYuMTItLjg0LjM2cy0uMzYuNTItLjM2Ljg0YzAgLjMyLjEyLjYuMzYuODRzLjUyLjM2Ljg0LjM2Wk0yNCA0NGMtMi43NjcgMC01LjM2Ny0uNTI1LTcuOC0xLjU3NS0yLjQzMy0xLjA1LTQuNTUtMi40NzUtNi4zNS00LjI3NS0xLjgtMS44LTMuMjI1LTMuOTE3LTQuMjc1LTYuMzVDNC41MjUgMjkuMzY3IDQgMjYuNzY3IDQgMjRjMC0yLjc2Ny41MjUtNS4zNjcgMS41NzUtNy44IDEuMDUtMi40MzMgMi40NzUtNC41NSA0LjI3NS02LjM1IDEuOC0xLjggMy45MTctMy4yMjUgNi4zNS00LjI3NUMxOC42MzMgNC41MjUgMjEuMjMzIDQgMjQgNGMyLjc2NyAwIDUuMzY3LjUyNSA3LjggMS41NzUgMi40MzMgMS4wNSA0LjU1IDIuNDc1IDYuMzUgNC4yNzUgMS44IDEuOCAzLjIyNSAzLjkxNyA0LjI3NSA2LjM1QzQzLjQ3NSAxOC42MzMgNDQgMjEuMjMzIDQ0IDI0YzAgMi43NjctLjUyNSA1LjM2Ny0xLjU3NSA3LjgtMS4wNSAyLjQzMy0yLjQ3NSA0LjU1LTQuMjc1IDYuMzUtMS44IDEuOC0zLjkxNyAzLjIyNS02LjM1IDQuMjc1QzI5LjM2NyA0My40NzUgMjYuNzY3IDQ0IDI0IDQ0Wm0uMDI1LTNjNC42ODMgMCA4LjY4My0xLjY1OCAxMi00Ljk3NUMzOS4zNDIgMzIuNzA4IDQxIDI4LjcgNDEgMjRzLTEuNjU4LTguNzA4LTQuOTc1LTEyLjAyNUMzMi43MDggOC42NTggMjguNzA4IDcgMjQuMDI1IDdTMTUuMzMzIDguNjU4IDEyIDExLjk3NUM4LjY2NyAxNS4yOTIgNyAxOS4zIDcgMjRzMS42NjcgOC43MDggNSAxMi4wMjVTMTkuMzQyIDQxIDI0LjAyNSA0MVptNC4xNzUtNS4xNWMuMzIgMCAuNi0uMTIuODQtLjM2cy4zNi0uNTIuMzYtLjg0YzAtLjMyLS4xMi0uNi0uMzYtLjg0cy0uNTItLjM2LS44NC0uMzZjLS4zMiAwLS42LjEyLS44NC4zNnMtLjM2LjUyLS4zNi44NGMwIC4zMi4xMi42LjM2Ljg0cy41Mi4zNi44NC4zNlptMC01LjdjLjU1MyAwIDEuMDE2LS4xODcgMS4zOS0uNTYuMzczLS4zNzQuNTYtLjgzNy41Ni0xLjM5IDAtLjU1My0uMTg3LTEuMDE2LS41Ni0xLjM5LS4zNzQtLjM3My0uODM3LS41Ni0xLjM5LS41Ni0uNTUzIDAtMS4wMTYuMTg3LTEuMzkuNTYtLjM3My4zNzQtLjU2LjgzNy0uNTYgMS4zOSAwIC41NTMuMTg3IDEuMDE2LjU2IDEuMzkuMzc0LjM3My44MzcuNTYgMS4zOS41NloiLz48L2c+PC9zdmc+\" alt=\"\" style=\"object-fit:cover;width:48px;height:48px\"\/><\/figure>\n\n\n\n<h3 class=\"wp-block-heading\" style=\"margin-top:24px;font-size:20px;line-height:1.5\">Naprawa logicznych b\u0142\u0119d\u00f3w danych<\/h3>\n\n\n\n<p class=\"has-small-font-size\" style=\"margin-top:8px\">Oferujemy profesjonalne us\u0142ugi korekty b\u0142\u0119d\u00f3w logicznych i odzyskiwania usuni\u0119tych partycji.<\/p>\n<\/div>\n\n\n\n<div class=\"wp-block-column is-layout-flow wp-block-column-is-layout-flow\">\n<figure class=\"wp-block-image size-large is-resized ext-aspect-landscape wp-duotone-varpresetduotoneprimary-foreground-3\"><img decoding=\"async\" src=\"data:image\/svg+xml;base64,PHN2ZyB4bWxucz0iaHR0cDovL3d3dy53My5vcmcvMjAwMC9zdmciIHdpZHRoPSI0OCIgaGVpZ2h0PSI0OCIgZmlsbD0ibm9uZSIgdmlld0JveD0iMCAwIDQ4IDQ4Ij48bWFzayBpZD0iYSIgd2lkdGg9IjQ4IiBoZWlnaHQ9IjQ4IiB4PSIwIiB5PSIwIiBtYXNrVW5pdHM9InVzZXJTcGFjZU9uVXNlIiBzdHlsZT0ibWFzay10eXBlOmFscGhhIj48cGF0aCBmaWxsPSIjRDlEOUQ5IiBkPSJNMCAwaDQ4djQ4SDB6Ii8+PC9tYXNrPjxnIG1hc2s9InVybCgjYSkiPjxwYXRoIGZpbGw9IiM1RjYzNjgiIGQ9Ik0zOC4zMyAxNy4zYy0xLjg1MyAwLTMuNDcyLS41ODMtNC44NTUtMS43NS0xLjM4My0xLjE2Ny0yLjI1OC0yLjYzMy0yLjYyNS00LjRIMTcuMWE3LjQyNSA3LjQyNSAwIDAgMS0yLjA3NSAzLjg3NUE3LjQyNSA3LjQyNSAwIDAgMSAxMS4xNSAxNy4xdjEzLjc1YzEuNzY3LjM2NyAzLjIzMyAxLjI0IDQuNCAyLjYyIDEuMTY3IDEuMzggMS43NSAzLjAwNyAxLjc1IDQuODggMCAyLjEzMy0uNzQ5IDMuOTQyLTIuMjQ3IDUuNDI1QzEzLjU1NSA0NS4yNTggMTEuNzUzIDQ2IDkuNjUgNDZjLTIuMTMzIDAtMy45NDItLjc0Mi01LjQyNS0yLjIyNUMyLjc0MiA0Mi4yOTIgMiA0MC40NzcgMiAzOC4zMzFjMC0xLjg1NC41ODMtMy40NzMgMS43NS00Ljg1NnMyLjYzMy0yLjI1OCA0LjQtMi42MjVWMTcuMWMtMS43NjctLjM2Ny0zLjIzMy0xLjIzMy00LjQtMi42QzIuNTgzIDEzLjEzMyAyIDExLjUgMiA5LjZjMC0yLjA5Ljc0NC0zLjg4IDIuMjMyLTUuMzY3QzUuNzIxIDIuNzQ0IDcuNTEgMiA5LjYgMmMxLjkgMCAzLjUzMy41ODMgNC45IDEuNzUgMS4zNjcgMS4xNjcgMi4yMzMgMi42MzMgMi42IDQuNGgxMy43NWMuMzY3LTEuNzY3IDEuMjQtMy4yMzMgMi42Mi00LjRDMzQuODUgMi41ODMgMzYuNDc3IDIgMzguMzUgMmMyLjEzMyAwIDMuOTQyLjc0MiA1LjQyNSAyLjIyNUM0NS4yNTggNS43MDggNDYgNy41MDggNDYgOS42MjVjMCAyLjExNy0uNzQyIDMuOTI1LTIuMjI1IDUuNDI1cy0zLjI5OCAyLjI1LTUuNDQ0IDIuMjVaTTkuNTg3IDQzYzEuMjk2IDAgMi40MDYtLjQ1IDMuMzI5LTEuMzUuOTIzLS45IDEuMzg1LTEuOTc4IDEuMzg1LTMuMjM2IDAtMS4yOTYtLjQ2Mi0yLjQwNi0xLjM4NS0zLjMyOVMxMC44ODIgMzMuNyA5LjU4NSAzMy43Yy0xLjI1NyAwLTIuMzM1LjQ2Mi0zLjIzNSAxLjM4NS0uOS45MjMtMS4zNSAyLjAzMy0xLjM1IDMuMzMgMCAxLjI1Ny40NSAyLjMzNSAxLjM1IDMuMjM1LjkuOSAxLjk3OSAxLjM1IDMuMjM2IDEuMzVabTAtMjguN2MxLjI5NiAwIDIuNDA2LS40NiAzLjMyOS0xLjM4LjkyMy0uOTIgMS4zODUtMi4wMjcgMS4zODUtMy4zMiAwLTEuMjY1LS40NjItMi4zNDgtMS4zODUtMy4yNDhDMTEuOTkyIDUuNDUgMTAuODgyIDUgOS41ODUgNSA4LjMyOSA1IDcuMjUgNS40NSA2LjM1IDYuMzUxIDUuNDUgNy4yNTIgNSA4LjMzNSA1IDkuNmMwIDEuMjkzLjQ1IDIuNCAxLjM1IDMuMzIuOS45MiAxLjk3OSAxLjM4IDMuMjM2IDEuMzhaTTM4LjQgNDZjLTIuMTE4IDAtMy45My0uNzQ0LTUuNDM4LTIuMjMzQzMxLjQ1NCA0Mi4yOCAzMC43IDQwLjQ5IDMwLjcgMzguNGMwLTIuMTE3Ljc1Mi0zLjkzIDIuMjU2LTUuNDM4IDEuNTA1LTEuNTA4IDMuMzEzLTIuMjYyIDUuNDI1LTIuMjYyIDIuMTEzIDAgMy45MS43NTIgNS4zOTQgMi4yNTZDNDUuMjU4IDM0LjQ2MiA0NiAzNi4yNyA0NiAzOC4zODFjMCAyLjExMy0uNzQ0IDMuOTEtMi4yMzMgNS4zOTRDNDIuMjggNDUuMjU4IDQwLjQ5IDQ2IDM4LjQgNDZabTAtM2MxLjI2NSAwIDIuMzQ4LS40NSAzLjI0OC0xLjM1LjkwMS0uOSAxLjM1Mi0xLjk3OCAxLjM1Mi0zLjIzNiAwLTEuMjk2LS40NS0yLjQwNi0xLjM1Mi0zLjMyOS0uOS0uOTIzLTEuOTgzLTEuMzg1LTMuMjQ4LTEuMzg1LTEuMjkzIDAtMi40LjQ2Mi0zLjMyIDEuMzg1LS45Mi45MjMtMS4zOCAyLjAzMy0xLjM4IDMuMzMgMCAxLjI1Ny40NiAyLjMzNSAxLjM4IDMuMjM1LjkyLjkgMi4wMjcgMS4zNSAzLjMyIDEuMzVabTAtMjguN2MxLjI2NSAwIDIuMzQ4LS40NiAzLjI0OC0xLjM4QzQyLjU1IDEyIDQzIDEwLjg5MiA0MyA5LjZjMC0xLjI2NS0uNDUtMi4zNDgtMS4zNTItMy4yNDhDNDAuNzQ4IDUuNDUgMzkuNjY2IDUgMzguNCA1Yy0xLjI5MyAwLTIuNC40NS0zLjMyIDEuMzUxLS45Mi45MDEtMS4zOCAxLjk4NC0xLjM4IDMuMjQ5IDAgMS4yOTMuNDYgMi40IDEuMzggMy4zMi45Mi45MiAyLjAyNyAxLjM4IDMuMzIgMS4zOFoiLz48L2c+PC9zdmc+\" alt=\"\" style=\"object-fit:cover;width:48px;height:48px\"\/><\/figure>\n\n\n\n<h3 class=\"wp-block-heading\" style=\"margin-top:24px;font-size:20px;line-height:1.5\">Diagnostyka i konsultacje specjalistyczne<\/h3>\n\n\n\n<p class=\"has-small-font-size\" style=\"margin-top:8px\">Zapewniamy szczeg\u00f3\u0142ow\u0105 analiz\u0119 problem\u00f3w oraz doradztwo, kt\u00f3re pomo\u017ce wybra\u0107 najlepsze metody odzyskiwania.<\/p>\n<\/div>\n<\/div>\n<\/div>\n\n\n\n<div class=\"wp-block-group alignfull has-tertiary-background-color has-background is-layout-constrained wp-container-core-group-is-layout-7276a2bb wp-block-group-is-layout-constrained\" style=\"margin-top:0;margin-bottom:0;padding-top:var(--wp--preset--spacing--60);padding-right:var(--wp--preset--spacing--30);padding-bottom:var(--wp--preset--spacing--60);padding-left:var(--wp--preset--spacing--30)\">\n<div class=\"wp-block-group alignwide is-content-justification-center is-layout-constrained wp-block-group-is-layout-constrained\">\n<h2 class=\"wp-block-heading has-text-align-center has-large-font-size\">Jak odzyskujemy dane<\/h2>\n\n\n\n<p class=\"has-text-align-center\" style=\"margin-top:16px\">Poznaj nasz sprawdzony proces odzyskiwania danych, krok po kroku, aby szybko i skutecznie przywr\u00f3ci\u0107 utracone pliki.<\/p>\n<\/div>\n\n\n\n<div class=\"wp-block-columns alignwide is-layout-flex wp-container-core-columns-is-layout-d0846407 wp-block-columns-is-layout-flex\">\n<div class=\"wp-block-column is-layout-flow wp-block-column-is-layout-flow\">\n<div class=\"wp-block-group is-layout-constrained wp-container-core-group-is-layout-03abb0ef wp-block-group-is-layout-constrained\">\n<div class=\"wp-block-group has-background-color has-foreground-background-color has-text-color has-background has-link-color wp-elements-405cc3bf832f30c149604178c62844cf is-vertical is-content-justification-center is-layout-flex wp-container-core-group-is-layout-5da48540 wp-block-group-is-layout-flex\" style=\"border-radius:20rem;min-height:96px;padding-top:var(--wp--preset--spacing--20);padding-right:var(--wp--preset--spacing--20);padding-bottom:var(--wp--preset--spacing--20);padding-left:var(--wp--preset--spacing--20)\">\n<p style=\"font-size:1.88rem;font-style:normal;font-weight:500\">1<\/p>\n<\/div>\n<\/div>\n\n\n\n<h3 class=\"wp-block-heading has-text-align-center\" style=\"margin-top:24px;font-size:20px;line-height:1.5\">Krok pierwszy: Diagnoza no\u015bnika<\/h3>\n\n\n\n<p class=\"has-text-align-center has-small-font-size\" style=\"margin-top:8px\">Dok\u0142adnie analizujemy stan dysku i okre\u015blamy zakres uszkodze\u0144, by dobra\u0107 najlepsz\u0105 metod\u0119 odzysku danych.<\/p>\n<\/div>\n\n\n\n<div class=\"wp-block-column is-layout-flow wp-block-column-is-layout-flow\">\n<div class=\"wp-block-group is-layout-constrained wp-container-core-group-is-layout-03abb0ef wp-block-group-is-layout-constrained\">\n<div class=\"wp-block-group has-background-color has-foreground-background-color has-text-color has-background has-link-color wp-elements-b3ac100d08cb6b2f78b3a45bf79429d7 is-vertical is-content-justification-center is-layout-flex wp-container-core-group-is-layout-5da48540 wp-block-group-is-layout-flex\" style=\"border-radius:20rem;min-height:96px;padding-top:var(--wp--preset--spacing--20);padding-right:var(--wp--preset--spacing--20);padding-bottom:var(--wp--preset--spacing--20);padding-left:var(--wp--preset--spacing--20)\">\n<p style=\"font-size:1.88rem;font-style:normal;font-weight:500\">2<\/p>\n<\/div>\n<\/div>\n\n\n\n<h3 class=\"wp-block-heading has-text-align-center\" style=\"margin-top:24px;font-size:20px;line-height:1.5\">Krok drugi: Naprawa i odzyskiwanie<\/h3>\n\n\n\n<p class=\"has-text-align-center has-small-font-size\" style=\"margin-top:8px\">W naszym laboratorium naprawiamy uszkodzone elementy i wykorzystujemy zaawansowane techniki odzyskiwania plik\u00f3w.<\/p>\n<\/div>\n\n\n\n<div class=\"wp-block-column is-layout-flow wp-block-column-is-layout-flow\">\n<div class=\"wp-block-group is-layout-constrained wp-container-core-group-is-layout-03abb0ef wp-block-group-is-layout-constrained\">\n<div class=\"wp-block-group has-border-color has-tertiary-border-color has-background-color has-foreground-background-color has-text-color has-background has-link-color wp-elements-7f2641ce2fcfce73982d67a6b941939c is-vertical is-content-justification-center is-layout-flex wp-container-core-group-is-layout-5da48540 wp-block-group-is-layout-flex\" style=\"border-width:1px;border-radius:20rem;min-height:96px;padding-top:var(--wp--preset--spacing--20);padding-right:var(--wp--preset--spacing--20);padding-bottom:var(--wp--preset--spacing--20);padding-left:var(--wp--preset--spacing--20)\">\n<p style=\"font-size:1.88rem;font-style:normal;font-weight:500\">3<\/p>\n<\/div>\n<\/div>\n\n\n\n<h3 class=\"wp-block-heading has-text-align-center\" style=\"margin-top:24px;font-size:20px;line-height:1.5\">Krok trzeci: Weryfikacja i przekazanie danych<\/h3>\n\n\n\n<p class=\"has-text-align-center has-small-font-size\" style=\"margin-top:8px\">Sprawdzamy integralno\u015b\u0107 odzyskanych danych i przekazujemy je klientowi w bezpiecznym formacie.<\/p>\n<\/div>\n<\/div>\n\n\n\n<div class=\"wp-block-buttons is-content-justification-center is-layout-flex wp-container-core-buttons-is-layout-a89b3969 wp-block-buttons-is-layout-flex\">\n<div class=\"wp-block-button is-style-fill\"><a class=\"wp-block-button__link wp-element-button\" href=\"#\">Zobacz szczeg\u00f3\u0142y<\/a><\/div>\n<\/div>\n<\/div>\n\n\n\n<div class=\"wp-block-group alignfull has-background-background-color has-background is-layout-constrained wp-container-core-group-is-layout-68d5e5bb wp-block-group-is-layout-constrained\" style=\"margin-top:0;margin-bottom:0;padding-top:var(--wp--preset--spacing--50);padding-right:var(--wp--preset--spacing--30);padding-bottom:var(--wp--preset--spacing--60);padding-left:var(--wp--preset--spacing--30)\">\n<div class=\"wp-block-group alignwide is-vertical is-layout-flex wp-container-core-group-is-layout-fe9cc265 wp-block-group-is-layout-flex\">\n<div class=\"wp-block-group is-layout-constrained wp-block-group-is-layout-constrained\">\n<h2 class=\"wp-block-heading has-large-font-size\">Profesjonalne odzyskiwanie danych w zasi\u0119gu r\u0119ki.<\/h2>\n\n\n\n<p style=\"margin-top:16px\">Specjalizujemy si\u0119 w naprawie dysk\u00f3w HDD oraz odzyskiwaniu danych z uszkodzonych no\u015bnik\u00f3w.<\/p>\n<\/div>\n<\/div>\n\n\n\n<div class=\"wp-block-columns alignwide is-layout-flex wp-container-core-columns-is-layout-47c06fe3 wp-block-columns-is-layout-flex\">\n<div class=\"wp-block-column is-layout-flow wp-block-column-is-layout-flow\">\n<figure class=\"wp-block-image\"><img loading=\"lazy\" decoding=\"async\" width=\"1440\" height=\"960\" class=\"wp-image-141\" src=\"http:\/\/odzyskiwaniedanychwarszawa.pl\/wp-content\/uploads\/2025\/10\/0b5ab6003397d9a4f3dbcf53d73a8d3552f7a10e.jpg\" alt=\"\" style=\"aspect-ratio:1;object-fit:cover\" srcset=\"http:\/\/odzyskiwaniedanychwarszawa.pl\/wp-content\/uploads\/2025\/10\/0b5ab6003397d9a4f3dbcf53d73a8d3552f7a10e.jpg 1440w, http:\/\/odzyskiwaniedanychwarszawa.pl\/wp-content\/uploads\/2025\/10\/0b5ab6003397d9a4f3dbcf53d73a8d3552f7a10e-300x200.jpg 300w, http:\/\/odzyskiwaniedanychwarszawa.pl\/wp-content\/uploads\/2025\/10\/0b5ab6003397d9a4f3dbcf53d73a8d3552f7a10e-1024x683.jpg 1024w, http:\/\/odzyskiwaniedanychwarszawa.pl\/wp-content\/uploads\/2025\/10\/0b5ab6003397d9a4f3dbcf53d73a8d3552f7a10e-768x512.jpg 768w\" sizes=\"auto, (max-width: 1440px) 100vw, 1440px\" \/><\/figure>\n<\/div>\n\n\n\n<div class=\"wp-block-column is-layout-flow wp-block-column-is-layout-flow\">\n<div class=\"wp-block-group is-layout-constrained wp-block-group-is-layout-constrained\">\n<h3 class=\"wp-block-heading\" style=\"font-size:20px;line-height:1.5\">Naprawa uszkodzonych PCB<\/h3>\n\n\n\n<p class=\"has-small-font-size\" style=\"margin-top:8px\">Zajmujemy si\u0119 precyzyjn\u0105 wymian\u0105 i napraw\u0105 modu\u0142\u00f3w elektronicznych dysk\u00f3w twardych.<\/p>\n<\/div>\n\n\n\n<div class=\"wp-block-group is-layout-constrained wp-block-group-is-layout-constrained\">\n<h3 class=\"wp-block-heading\" style=\"font-size:20px;line-height:1.5\">Odzyskiwanie usuni\u0119tych partycji<\/h3>\n\n\n\n<p class=\"has-small-font-size\" style=\"margin-top:8px\">Przywracamy dane z partycji utraconych wskutek b\u0142\u0119d\u00f3w logicznych czy formatowania.<\/p>\n<\/div>\n\n\n\n<div class=\"wp-block-group is-layout-constrained wp-block-group-is-layout-constrained\">\n<h3 class=\"wp-block-heading\" style=\"font-size:20px;line-height:1.5\">Diagnostyka i naprawa g\u0142owic<\/h3>\n\n\n\n<p class=\"has-small-font-size\" style=\"margin-top:8px\">Naprawiamy i wymieniamy g\u0142owice dysk\u00f3w, by umo\u017cliwi\u0107 odzyskanie danych.<\/p>\n<\/div>\n<\/div>\n\n\n\n<div class=\"wp-block-column is-layout-flow wp-block-column-is-layout-flow\">\n<div class=\"wp-block-group is-layout-constrained wp-block-group-is-layout-constrained\">\n<h3 class=\"wp-block-heading\" style=\"font-size:20px;line-height:1.5\">Odzyskiwanie danych z powierzchni dyskowej<\/h3>\n\n\n\n<p class=\"has-small-font-size\" style=\"margin-top:8px\">Usuwamy skutki uszkodze\u0144 fizycznych powierzchni talerzy, aby odzyska\u0107 informacje.<\/p>\n<\/div>\n\n\n\n<div class=\"wp-block-group is-layout-constrained wp-block-group-is-layout-constrained\">\n<h3 class=\"wp-block-heading\" style=\"font-size:20px;line-height:1.5\">Wsparcie logiczne i programowe<\/h3>\n\n\n\n<p class=\"has-small-font-size\" style=\"margin-top:8px\">Rozwi\u0105zujemy problemy z b\u0142\u0119dami systemu plik\u00f3w i uszkodzeniami logicznymi danych.<\/p>\n<\/div>\n<\/div>\n<\/div>\n<\/div>\n","protected":false},"excerpt":{"rendered":"<p>Nasza oferta profesjonalnego odzyskiwania danych Przedstawiamy kompleksowe us\u0142ugi odzyskiwania danych, kt\u00f3re \u0142\u0105cz\u0105 do\u015bwiadczenie i nowoczesne technologie dla Twojej pe\u0142nej satysfakcji. Odzyskiwanie danych z uszkodzonych dysk\u00f3w Specjalizujemy si\u0119 w naprawie uszkodzonych element\u00f3w dysk\u00f3w, by przywr\u00f3ci\u0107 dost\u0119p do cennych plik\u00f3w. Naprawa logicznych b\u0142\u0119d\u00f3w danych Oferujemy profesjonalne us\u0142ugi korekty b\u0142\u0119d\u00f3w logicznych i odzyskiwania usuni\u0119tych partycji. Diagnostyka i konsultacje<\/p>\n<div class=\"more-link\">\n             <a href=\"http:\/\/odzyskiwaniedanychwarszawa.pl\/index.php\/odzyskiwanie-danych-z-dyskow-hdd\/\" class=\"link-btn\"><span>Czytaj dalej <\/span><i class=\"icofont-thin-double-right\"><\/i><\/a>\n        <\/div>\n","protected":false},"author":1,"featured_media":0,"parent":0,"menu_order":0,"comment_status":"closed","ping_status":"closed","template":"","meta":{"_kadence_starter_templates_imported_post":false,"footnotes":""},"class_list":["post-131","page","type-page","status-publish","hentry"],"_links":{"self":[{"href":"http:\/\/odzyskiwaniedanychwarszawa.pl\/index.php\/wp-json\/wp\/v2\/pages\/131","targetHints":{"allow":["GET"]}}],"collection":[{"href":"http:\/\/odzyskiwaniedanychwarszawa.pl\/index.php\/wp-json\/wp\/v2\/pages"}],"about":[{"href":"http:\/\/odzyskiwaniedanychwarszawa.pl\/index.php\/wp-json\/wp\/v2\/types\/page"}],"author":[{"embeddable":true,"href":"http:\/\/odzyskiwaniedanychwarszawa.pl\/index.php\/wp-json\/wp\/v2\/users\/1"}],"replies":[{"embeddable":true,"href":"http:\/\/odzyskiwaniedanychwarszawa.pl\/index.php\/wp-json\/wp\/v2\/comments?post=131"}],"version-history":[{"count":5,"href":"http:\/\/odzyskiwaniedanychwarszawa.pl\/index.php\/wp-json\/wp\/v2\/pages\/131\/revisions"}],"predecessor-version":[{"id":144,"href":"http:\/\/odzyskiwaniedanychwarszawa.pl\/index.php\/wp-json\/wp\/v2\/pages\/131\/revisions\/144"}],"wp:attachment":[{"href":"http:\/\/odzyskiwaniedanychwarszawa.pl\/index.php\/wp-json\/wp\/v2\/media?parent=131"}],"curies":[{"name":"wp","href":"https:\/\/api.w.org\/{rel}","templated":true}]}}