{"id":23,"date":"2025-10-03T15:00:31","date_gmt":"2025-10-03T13:00:31","guid":{"rendered":"http:\/\/odzyskiwaniedanychwarszawa.pl\/?page_id=23"},"modified":"2025-10-24T04:41:48","modified_gmt":"2025-10-24T02:41:48","slug":"odzyskiwanie-danych-z-dyskow-ssd","status":"publish","type":"page","link":"http:\/\/odzyskiwaniedanychwarszawa.pl\/index.php\/odzyskiwanie-danych-z-dyskow-ssd\/","title":{"rendered":"Odzyskiwanie danych SSD"},"content":{"rendered":"\n<div class=\"wp-block-group alignfull has-background-background-color has-background is-layout-constrained wp-container-core-group-is-layout-7276a2bb wp-block-group-is-layout-constrained\" style=\"margin-top:0;margin-bottom:0;padding-top:var(--wp--preset--spacing--60);padding-right:var(--wp--preset--spacing--30);padding-bottom:var(--wp--preset--spacing--60);padding-left:var(--wp--preset--spacing--30)\">\n<div class=\"wp-block-group alignwide is-vertical is-layout-flex wp-container-core-group-is-layout-fe9cc265 wp-block-group-is-layout-flex\">\n<div class=\"wp-block-group is-layout-constrained wp-block-group-is-layout-constrained\">\n<h2 class=\"wp-block-heading has-large-font-size\">Nasze profesjonalne odzyskiwanie danych SSD<\/h2>\n\n\n\n<p style=\"margin-top:16px\">Przedstawiamy kompleksowe us\u0142ugi odzyskiwania danych z dysk\u00f3w SSD, gwarantuj\u0105ce najwy\u017csz\u0105 jako\u015b\u0107 i pe\u0142ne zadowolenie klienta.<\/p>\n<\/div>\n<\/div>\n\n\n\n<div class=\"wp-block-columns alignwide is-layout-flex wp-container-core-columns-is-layout-28f84493 wp-block-columns-is-layout-flex\">\n<div class=\"wp-block-column is-layout-flow wp-block-column-is-layout-flow\" style=\"flex-basis:80%\">\n<div class=\"wp-block-columns alignwide is-layout-flex wp-container-core-columns-is-layout-28f84493 wp-block-columns-is-layout-flex\">\n<div class=\"wp-block-column has-tertiary-background-color has-background is-layout-flow wp-block-column-is-layout-flow\" style=\"padding-top:1.5rem;padding-right:1.5rem;padding-bottom:1.5rem;padding-left:1.5rem\">\n<h3 class=\"wp-block-heading\" style=\"font-size:20px;line-height:1.5\">Diagnostyka dysku SSD<\/h3>\n\n\n\n<p class=\"has-small-font-size\" style=\"margin-top:8px\">Szybka i precyzyjna analiza problem\u00f3w z Twoim dyskiem SSD, aby okre\u015bli\u0107 najlepsz\u0105 metod\u0119 odzysku danych.<\/p>\n<\/div>\n\n\n\n<div class=\"wp-block-column has-tertiary-background-color has-background is-layout-flow wp-block-column-is-layout-flow\" style=\"padding-top:1.5rem;padding-right:1.5rem;padding-bottom:1.5rem;padding-left:1.5rem\">\n<h3 class=\"wp-block-heading\" style=\"font-size:20px;line-height:1.5\">Odzyskiwanie danych uszkodzonych SSD<\/h3>\n\n\n\n<p class=\"has-small-font-size\" style=\"margin-top:8px\">Specjalistyczne metody przywracania danych z uszkodzonych lub niedost\u0119pnych dysk\u00f3w SSD.<\/p>\n<\/div>\n<\/div>\n\n\n\n<div class=\"wp-block-columns alignwide is-layout-flex wp-container-core-columns-is-layout-28f84493 wp-block-columns-is-layout-flex\">\n<div class=\"wp-block-column has-tertiary-background-color has-background is-layout-flow wp-block-column-is-layout-flow\" style=\"padding-top:1.5rem;padding-right:1.5rem;padding-bottom:1.5rem;padding-left:1.5rem\">\n<h3 class=\"wp-block-heading\" style=\"font-size:20px;line-height:1.5\">Bezpieczne odzyskiwanie danych<\/h3>\n\n\n\n<p class=\"has-small-font-size\" style=\"margin-top:8px\">Gwarantujemy ochron\u0119 Twoich danych podczas ca\u0142ego procesu odzyskiwania, z zachowaniem pe\u0142nej poufno\u015bci.<\/p>\n<\/div>\n\n\n\n<div class=\"wp-block-column has-tertiary-background-color has-background is-layout-flow wp-block-column-is-layout-flow\" style=\"padding-top:1.5rem;padding-right:1.5rem;padding-bottom:1.5rem;padding-left:1.5rem\">\n<h3 class=\"wp-block-heading\" style=\"font-size:20px;line-height:1.5\">Eksperckie wsparcie techniczne<\/h3>\n\n\n\n<p class=\"has-small-font-size\" style=\"margin-top:8px\">Profesjonalne doradztwo i pomoc na ka\u017cdym etapie odzyskiwania danych z Twojego dysku SSD.<\/p>\n<\/div>\n<\/div>\n<\/div>\n\n\n\n<div class=\"wp-block-column is-layout-flow wp-block-column-is-layout-flow\" style=\"flex-basis:50%\">\n<figure class=\"wp-block-image\"><img loading=\"lazy\" decoding=\"async\" width=\"1024\" height=\"1024\" src=\"https:\/\/odzyskiwaniedanychwarszawa.pl\/wp-content\/uploads\/2025\/10\/image-1.jpg\" alt=\"Dysk SSD nvme\" class=\"wp-image-120\" srcset=\"http:\/\/odzyskiwaniedanychwarszawa.pl\/wp-content\/uploads\/2025\/10\/image-1.jpg 1024w, http:\/\/odzyskiwaniedanychwarszawa.pl\/wp-content\/uploads\/2025\/10\/image-1-300x300.jpg 300w, http:\/\/odzyskiwaniedanychwarszawa.pl\/wp-content\/uploads\/2025\/10\/image-1-150x150.jpg 150w, http:\/\/odzyskiwaniedanychwarszawa.pl\/wp-content\/uploads\/2025\/10\/image-1-768x768.jpg 768w\" sizes=\"auto, (max-width: 1024px) 100vw, 1024px\" \/><\/figure>\n<\/div>\n<\/div>\n<\/div>\n\n\n\n<div class=\"wp-block-group alignfull has-tertiary-background-color has-background is-layout-constrained wp-container-core-group-is-layout-7276a2bb wp-block-group-is-layout-constrained\" style=\"margin-top:0;margin-bottom:0;padding-top:var(--wp--preset--spacing--60);padding-right:var(--wp--preset--spacing--30);padding-bottom:var(--wp--preset--spacing--60);padding-left:var(--wp--preset--spacing--30)\">\n<div class=\"wp-block-group alignwide is-content-justification-center is-layout-constrained wp-block-group-is-layout-constrained\">\n<h2 class=\"wp-block-heading has-text-align-center has-large-font-size\">Jak odzyskujemy dane z SSD<\/h2>\n\n\n\n<p class=\"has-text-align-center\" style=\"margin-top:16px\">Poznaj nasz sprawdzony proces odzyskiwania danych z dysk\u00f3w SSD, kt\u00f3ry krok po kroku prowadzi Ci\u0119 do odzyskania cennych plik\u00f3w nawet w trudnych sytuacjach.<\/p>\n<\/div>\n\n\n\n<div class=\"wp-block-columns alignwide is-layout-flex wp-container-core-columns-is-layout-d0846407 wp-block-columns-is-layout-flex\">\n<div class=\"wp-block-column is-layout-flow wp-block-column-is-layout-flow\">\n<div class=\"wp-block-group is-layout-constrained wp-container-core-group-is-layout-03abb0ef wp-block-group-is-layout-constrained\">\n<div class=\"wp-block-group has-background-color has-foreground-background-color has-text-color has-background has-link-color wp-elements-405cc3bf832f30c149604178c62844cf is-vertical is-content-justification-center is-layout-flex wp-container-core-group-is-layout-5da48540 wp-block-group-is-layout-flex\" style=\"border-radius:20rem;min-height:96px;padding-top:var(--wp--preset--spacing--20);padding-right:var(--wp--preset--spacing--20);padding-bottom:var(--wp--preset--spacing--20);padding-left:var(--wp--preset--spacing--20)\">\n<p style=\"font-size:1.88rem;font-style:normal;font-weight:500\">1<\/p>\n<\/div>\n<\/div>\n\n\n\n<h3 class=\"wp-block-heading has-text-align-center\" style=\"margin-top:24px;font-size:20px;line-height:1.5\">Krok pierwszy: Diagnoza problemu<\/h3>\n\n\n\n<p class=\"has-text-align-center has-small-font-size\" style=\"margin-top:8px\">Analizujemy stan Twojego dysku SSD w naszym laboratorium, aby dok\u0142adnie okre\u015bli\u0107 uszkodzenia i wybra\u0107 najlepsz\u0105 metod\u0119 odzyskiwania danych.<\/p>\n<\/div>\n\n\n\n<div class=\"wp-block-column is-layout-flow wp-block-column-is-layout-flow\">\n<div class=\"wp-block-group is-layout-constrained wp-container-core-group-is-layout-03abb0ef wp-block-group-is-layout-constrained\">\n<div class=\"wp-block-group has-background-color has-foreground-background-color has-text-color has-background has-link-color wp-elements-b3ac100d08cb6b2f78b3a45bf79429d7 is-vertical is-content-justification-center is-layout-flex wp-container-core-group-is-layout-5da48540 wp-block-group-is-layout-flex\" style=\"border-radius:20rem;min-height:96px;padding-top:var(--wp--preset--spacing--20);padding-right:var(--wp--preset--spacing--20);padding-bottom:var(--wp--preset--spacing--20);padding-left:var(--wp--preset--spacing--20)\">\n<p style=\"font-size:1.88rem;font-style:normal;font-weight:500\">2<\/p>\n<\/div>\n<\/div>\n\n\n\n<h3 class=\"wp-block-heading has-text-align-center\" style=\"margin-top:24px;font-size:20px;line-height:1.5\">Krok drugi: Proces odzyskiwania<\/h3>\n\n\n\n<p class=\"has-text-align-center has-small-font-size\" style=\"margin-top:8px\">Nasz zesp\u00f3\u0142 wykorzystuje zaawansowane technologie, by bezpiecznie odzyska\u0107 utracone dane, nawet je\u015bli dysk jest uszkodzony mechanicznie lub logicznie.<\/p>\n<\/div>\n\n\n\n<div class=\"wp-block-column is-layout-flow wp-block-column-is-layout-flow\">\n<div class=\"wp-block-group is-layout-constrained wp-container-core-group-is-layout-03abb0ef wp-block-group-is-layout-constrained\">\n<div class=\"wp-block-group has-border-color has-tertiary-border-color has-background-color has-foreground-background-color has-text-color has-background has-link-color wp-elements-7f2641ce2fcfce73982d67a6b941939c is-vertical is-content-justification-center is-layout-flex wp-container-core-group-is-layout-5da48540 wp-block-group-is-layout-flex\" style=\"border-width:1px;border-radius:20rem;min-height:96px;padding-top:var(--wp--preset--spacing--20);padding-right:var(--wp--preset--spacing--20);padding-bottom:var(--wp--preset--spacing--20);padding-left:var(--wp--preset--spacing--20)\">\n<p style=\"font-size:1.88rem;font-style:normal;font-weight:500\">3<\/p>\n<\/div>\n<\/div>\n\n\n\n<h3 class=\"wp-block-heading has-text-align-center\" style=\"margin-top:24px;font-size:20px;line-height:1.5\">Krok trzeci: Weryfikacja i odbi\u00f3r<\/h3>\n\n\n\n<p class=\"has-text-align-center has-small-font-size\" style=\"margin-top:8px\">Sprawdzamy integralno\u015b\u0107 odzyskanych plik\u00f3w i przygotowujemy je do bezpiecznego przekazania klientowi, zapewniaj\u0105c pe\u0142n\u0105 satysfakcj\u0119.<\/p>\n<\/div>\n<\/div>\n\n\n\n<div class=\"wp-block-buttons is-content-justification-center is-layout-flex wp-container-core-buttons-is-layout-a89b3969 wp-block-buttons-is-layout-flex\">\n<div class=\"wp-block-button is-style-fill\"><a class=\"wp-block-button__link wp-element-button\" href=\"#\">Dowiedz si\u0119 wi\u0119cej o naszych us\u0142ugach<\/a><\/div>\n<\/div>\n<\/div>\n\n\n\n<div class=\"wp-block-group alignfull has-background-background-color has-background is-layout-constrained wp-container-core-group-is-layout-68d5e5bb wp-block-group-is-layout-constrained\" style=\"margin-top:0;margin-bottom:0;padding-top:var(--wp--preset--spacing--50);padding-right:var(--wp--preset--spacing--30);padding-bottom:var(--wp--preset--spacing--60);padding-left:var(--wp--preset--spacing--30)\">\n<div class=\"wp-block-group alignwide is-vertical is-layout-flex wp-container-core-group-is-layout-fe9cc265 wp-block-group-is-layout-flex\">\n<div class=\"wp-block-group is-layout-constrained wp-block-group-is-layout-constrained\">\n<h2 class=\"wp-block-heading has-large-font-size\">Odzyskaj dane z dysk\u00f3w SSD z nasz\u0105 pomoc\u0105.<\/h2>\n\n\n\n<p style=\"margin-top:16px\">Profesjonalne us\u0142ugi odzyskiwania danych z no\u015bnik\u00f3w SSD.<\/p>\n<\/div>\n<\/div>\n\n\n\n<div class=\"wp-block-columns alignwide is-layout-flex wp-container-core-columns-is-layout-87beb0d0 wp-block-columns-is-layout-flex\">\n<div class=\"wp-block-column has-tertiary-background-color has-background is-layout-flow wp-block-column-is-layout-flow\" style=\"padding-top:1.5rem;padding-right:1.5rem;padding-bottom:1.5rem;padding-left:1.5rem\">\n<h3 class=\"wp-block-heading\" style=\"font-size:20px;line-height:1.5\">Diagnostyka zaawansowana<\/h3>\n\n\n\n<p class=\"has-small-font-size\" style=\"margin-top:8px\">Precyzyjna analiza uszkodze\u0144 w naszym laboratorium.<\/p>\n<\/div>\n\n\n\n<div class=\"wp-block-column has-tertiary-background-color has-background is-layout-flow wp-block-column-is-layout-flow\" style=\"padding-top:1.5rem;padding-right:1.5rem;padding-bottom:1.5rem;padding-left:1.5rem\">\n<h3 class=\"wp-block-heading\" style=\"font-size:20px;line-height:1.5\">Odzyskiwanie danych<\/h3>\n\n\n\n<p class=\"has-small-font-size\" style=\"margin-top:8px\">Skuteczne przywracanie plik\u00f3w nawet z powa\u017cnych awarii.<\/p>\n<\/div>\n\n\n\n<div class=\"wp-block-column has-tertiary-background-color has-background is-layout-flow wp-block-column-is-layout-flow\" style=\"padding-top:1.5rem;padding-right:1.5rem;padding-bottom:1.5rem;padding-left:1.5rem\">\n<h3 class=\"wp-block-heading\" style=\"font-size:20px;line-height:1.5\">Wsparcie ekspert\u00f3w<\/h3>\n\n\n\n<p class=\"has-small-font-size\" style=\"margin-top:8px\">Do\u015bwiadczony zesp\u00f3\u0142 o ponad 20-letnim sta\u017cu.<\/p>\n<\/div>\n\n\n\n<div class=\"wp-block-column has-tertiary-background-color has-background is-layout-flow wp-block-column-is-layout-flow\" style=\"padding-top:1.5rem;padding-right:1.5rem;padding-bottom:1.5rem;padding-left:1.5rem\">\n<h3 class=\"wp-block-heading\" style=\"font-size:20px;line-height:1.5\">Przywracanie szybko\u015bci<\/h3>\n\n\n\n<p class=\"has-small-font-size\" style=\"margin-top:8px\">Optymalizacja dzia\u0142ania dysk\u00f3w po odzyskaniu danych.<\/p>\n<\/div>\n<\/div>\n<\/div>\n\n\n\n<div class=\"wp-block-group alignfull has-tertiary-background-color has-background is-layout-constrained wp-container-core-group-is-layout-fb85e995 wp-block-group-is-layout-constrained\" style=\"margin-top:0;margin-bottom:0;padding-top:var(--wp--preset--spacing--60);padding-right:var(--wp--preset--spacing--30);padding-bottom:var(--wp--preset--spacing--60);padding-left:var(--wp--preset--spacing--30)\">\n<div class=\"wp-block-columns alignwide are-vertically-aligned-center is-layout-flex wp-container-core-columns-is-layout-08c01c1c wp-block-columns-is-layout-flex\">\n<div class=\"wp-block-column is-vertically-aligned-center is-layout-flow wp-block-column-is-layout-flow\" style=\"flex-basis:25%\"><\/div>\n\n\n\n<div class=\"wp-block-column is-vertically-aligned-center is-layout-flow wp-block-column-is-layout-flow\" style=\"flex-basis:66.66%\">\n<p style=\"font-size:24px;font-style:normal;font-weight:500;line-height:1.5\"><\/p>\n<\/div>\n<\/div>\n<\/div>\n\n\n\n<div class=\"wp-block-group is-nowrap is-layout-flex wp-container-core-group-is-layout-3b4e9d3e wp-block-group-is-layout-flex\">\n<div class=\"wp-block-group is-layout-constrained wp-block-group-is-layout-constrained\">\n<h4 class=\"wp-block-heading\" style=\"margin-top:18px;font-size:18px\"><\/h4>\n\n\n\n<p class=\"has-small-font-size\" style=\"margin-top:4px\"><\/p>\n<\/div>\n<\/div>\n\n\n\n<div class=\"wp-block-group alignfull has-background-background-color has-background is-layout-constrained wp-container-core-group-is-layout-fb85e995 wp-block-group-is-layout-constrained\" style=\"margin-top:0;margin-bottom:0;padding-top:var(--wp--preset--spacing--60);padding-right:var(--wp--preset--spacing--30);padding-bottom:var(--wp--preset--spacing--60);padding-left:var(--wp--preset--spacing--30)\">\n<h2 class=\"wp-block-heading has-text-align-center has-large-font-size\">Skontaktuj si\u0119 z nami ju\u017c dzi\u015b.<\/h2>\n\n\n\n<p class=\"has-text-align-center\" style=\"margin-top:16px\">Skorzystaj z us\u0142ug ekspert\u00f3w z ponad 20-letnim do\u015bwiadczeniem w odzyskiwaniu danych z dysk\u00f3w SSD.<\/p>\n<\/div>\n","protected":false},"excerpt":{"rendered":"<p>Nasze profesjonalne odzyskiwanie danych SSD Przedstawiamy kompleksowe us\u0142ugi odzyskiwania danych z dysk\u00f3w SSD, gwarantuj\u0105ce najwy\u017csz\u0105 jako\u015b\u0107 i pe\u0142ne zadowolenie klienta. Diagnostyka dysku SSD Szybka i precyzyjna analiza problem\u00f3w z Twoim dyskiem SSD, aby okre\u015bli\u0107 najlepsz\u0105 metod\u0119 odzysku danych. Odzyskiwanie danych uszkodzonych SSD Specjalistyczne metody przywracania danych z uszkodzonych lub niedost\u0119pnych dysk\u00f3w SSD. Bezpieczne odzyskiwanie danych<\/p>\n<div class=\"more-link\">\n             <a href=\"http:\/\/odzyskiwaniedanychwarszawa.pl\/index.php\/odzyskiwanie-danych-z-dyskow-ssd\/\" class=\"link-btn\"><span>Czytaj dalej <\/span><i class=\"icofont-thin-double-right\"><\/i><\/a>\n        <\/div>\n","protected":false},"author":1,"featured_media":0,"parent":0,"menu_order":0,"comment_status":"closed","ping_status":"closed","template":"","meta":{"_kadence_starter_templates_imported_post":false,"footnotes":""},"class_list":["post-23","page","type-page","status-publish","hentry"],"_links":{"self":[{"href":"http:\/\/odzyskiwaniedanychwarszawa.pl\/index.php\/wp-json\/wp\/v2\/pages\/23","targetHints":{"allow":["GET"]}}],"collection":[{"href":"http:\/\/odzyskiwaniedanychwarszawa.pl\/index.php\/wp-json\/wp\/v2\/pages"}],"about":[{"href":"http:\/\/odzyskiwaniedanychwarszawa.pl\/index.php\/wp-json\/wp\/v2\/types\/page"}],"author":[{"embeddable":true,"href":"http:\/\/odzyskiwaniedanychwarszawa.pl\/index.php\/wp-json\/wp\/v2\/users\/1"}],"replies":[{"embeddable":true,"href":"http:\/\/odzyskiwaniedanychwarszawa.pl\/index.php\/wp-json\/wp\/v2\/comments?post=23"}],"version-history":[{"count":6,"href":"http:\/\/odzyskiwaniedanychwarszawa.pl\/index.php\/wp-json\/wp\/v2\/pages\/23\/revisions"}],"predecessor-version":[{"id":139,"href":"http:\/\/odzyskiwaniedanychwarszawa.pl\/index.php\/wp-json\/wp\/v2\/pages\/23\/revisions\/139"}],"wp:attachment":[{"href":"http:\/\/odzyskiwaniedanychwarszawa.pl\/index.php\/wp-json\/wp\/v2\/media?parent=23"}],"curies":[{"name":"wp","href":"https:\/\/api.w.org\/{rel}","templated":true}]}}